{"id":1027,"date":"2024-02-29T08:38:09","date_gmt":"2024-02-29T13:38:09","guid":{"rendered":"https:\/\/www.cafecosechareal.com\/?post_type=product&#038;p=1027"},"modified":"2024-02-29T15:13:54","modified_gmt":"2024-02-29T20:13:54","slug":"cafe-organico-tostion-media","status":"publish","type":"product","link":"https:\/\/www.cafecosechareal.com\/en\/producto\/cafe-organico-tostion-media\/","title":{"rendered":"Caf\u00e9 Org\u00e1nico BF\u00ae Tosti\u00f3n Media"},"content":{"rendered":"<p>Escoge el tipo de molienda y tama\u00f1o para disfrutar de su delicioso sabor.<\/p>\n<p>Recuerda que :<br \/>Molienda <strong>Gruesa <\/strong>es ideal para preparar en <strong><em>Prensa Francesa<\/em><\/strong><br \/>Molienda <strong>Media<\/strong> es ideal para preparar en <strong><em>Cafetera o verter en coladera<\/em><\/strong><br \/>Molienda <strong>Fina<\/strong> es ideal para preparar en <strong><em>Moka Pot<\/em><\/strong><\/p>\n","protected":false},"excerpt":{"rendered":"<p>Escoge el tipo de molienda y tama\u00f1o para disfrutar de su delicioso sabor.<\/p>\n<p>Recuerda que :<br \/>Molienda <strong>Gruesa <\/strong>es ideal para preparar en <strong><em>Prensa Francesa<\/em><\/strong><br \/>Molienda <strong>Media<\/strong> es ideal para preparar en <strong><em>Cafetera o verter en coladera<\/em><\/strong><br \/>Molienda <strong>Fina<\/strong> es ideal para preparar en <strong><em>Moka Pot<\/em><\/strong><\/p>\n","protected":false},"featured_media":1072,"comment_status":"open","ping_status":"closed","template":"","meta":[],"product_cat":[38],"product_tag":[],"yoast_head":"<!-- This site is optimized with the Yoast SEO plugin v22.2 - https:\/\/yoast.com\/wordpress\/plugins\/seo\/ -->\n<title>Caf\u00e9 Org\u00e1nico BF\u00ae Tosti\u00f3n Media<\/title>\n<meta name=\"description\" content=\"Deleitate con el sabor de nuestro caf\u00e9 org\u00e1nico y miel org\u00e1nica\" \/>\n<meta name=\"robots\" content=\"index, follow, max-snippet:-1, max-image-preview:large, max-video-preview:-1\" \/>\n<link rel=\"canonical\" href=\"https:\/\/www.cafecosechareal.com\/producto\/cafe-organico-tostion-media\/\" \/>\n<meta property=\"og:locale\" content=\"en_US\" \/>\n<meta property=\"og:type\" content=\"article\" \/>\n<meta property=\"og:title\" content=\"Caf\u00e9 Org\u00e1nico BF\u00ae Tosti\u00f3n Media\" \/>\n<meta property=\"og:description\" content=\"Deleitate con el sabor de nuestro caf\u00e9 org\u00e1nico y miel org\u00e1nica\" \/>\n<meta property=\"og:url\" content=\"https:\/\/www.cafecosechareal.com\/producto\/cafe-organico-tostion-media\/\" \/>\n<meta property=\"og:site_name\" content=\"Cafe Org\u00e1nico Cosecha Real\" \/>\n<meta property=\"article:publisher\" content=\"https:\/\/www.facebook.com\/coffeecosechareal\" \/>\n<meta property=\"article:modified_time\" content=\"2024-02-29T20:13:54+00:00\" \/>\n<meta property=\"og:image\" content=\"https:\/\/www.cafecosechareal.com\/wp-content\/uploads\/WhatsApp-Image-2024-02-15-at-11.13.32-AM-1.jpeg\" \/>\n\t<meta property=\"og:image:width\" content=\"1600\" \/>\n\t<meta property=\"og:image:height\" content=\"1600\" \/>\n\t<meta property=\"og:image:type\" content=\"image\/jpeg\" \/>\n<meta name=\"twitter:card\" content=\"summary_large_image\" \/>\n<script type=\"application\/ld+json\" class=\"yoast-schema-graph\">{\"@context\":\"https:\/\/schema.org\",\"@graph\":[{\"@type\":\"WebPage\",\"@id\":\"https:\/\/www.cafecosechareal.com\/producto\/cafe-organico-tostion-media\/\",\"url\":\"https:\/\/www.cafecosechareal.com\/producto\/cafe-organico-tostion-media\/\",\"name\":\"Caf\u00e9 Org\u00e1nico BF\u00ae Tosti\u00f3n Media\",\"isPartOf\":{\"@id\":\"https:\/\/www.cafecosechareal.com\/#website\"},\"primaryImageOfPage\":{\"@id\":\"https:\/\/www.cafecosechareal.com\/producto\/cafe-organico-tostion-media\/#primaryimage\"},\"image\":{\"@id\":\"https:\/\/www.cafecosechareal.com\/producto\/cafe-organico-tostion-media\/#primaryimage\"},\"thumbnailUrl\":\"https:\/\/www.cafecosechareal.com\/wp-content\/uploads\/cafe-producto.jpg\",\"datePublished\":\"2024-02-29T13:38:09+00:00\",\"dateModified\":\"2024-02-29T20:13:54+00:00\",\"description\":\"Deleitate con el sabor de nuestro caf\u00e9 org\u00e1nico y miel org\u00e1nica\",\"breadcrumb\":{\"@id\":\"https:\/\/www.cafecosechareal.com\/producto\/cafe-organico-tostion-media\/#breadcrumb\"},\"inLanguage\":\"en-US\",\"potentialAction\":[{\"@type\":\"ReadAction\",\"target\":[\"https:\/\/www.cafecosechareal.com\/producto\/cafe-organico-tostion-media\/\"]}]},{\"@type\":\"ImageObject\",\"inLanguage\":\"en-US\",\"@id\":\"https:\/\/www.cafecosechareal.com\/producto\/cafe-organico-tostion-media\/#primaryimage\",\"url\":\"https:\/\/www.cafecosechareal.com\/wp-content\/uploads\/cafe-producto.jpg\",\"contentUrl\":\"https:\/\/www.cafecosechareal.com\/wp-content\/uploads\/cafe-producto.jpg\",\"width\":1000,\"height\":1000,\"caption\":\"cafe organico tostion media\"},{\"@type\":\"BreadcrumbList\",\"@id\":\"https:\/\/www.cafecosechareal.com\/producto\/cafe-organico-tostion-media\/#breadcrumb\",\"itemListElement\":[{\"@type\":\"ListItem\",\"position\":1,\"name\":\"Inicio\",\"item\":\"https:\/\/www.cafecosechareal.com\/en\/\"},{\"@type\":\"ListItem\",\"position\":2,\"name\":\"Tienda\",\"item\":\"https:\/\/www.cafecosechareal.com\/tienda\/\"},{\"@type\":\"ListItem\",\"position\":3,\"name\":\"Caf\u00e9 Org\u00e1nico BF\u00ae Tosti\u00f3n Media\"}]},{\"@type\":\"WebSite\",\"@id\":\"https:\/\/www.cafecosechareal.com\/#website\",\"url\":\"https:\/\/www.cafecosechareal.com\/\",\"name\":\"Cafe Org\u00e1nico Cosecha Real\",\"description\":\"Creadores de productos org\u00e1nicos como caf\u00e9 y miel cerca a Bogot\u00e1, dejate deleitar y vive una experiencia cafetera completa\",\"publisher\":{\"@id\":\"https:\/\/www.cafecosechareal.com\/#organization\"},\"alternateName\":\"Cosecha Real\",\"potentialAction\":[{\"@type\":\"SearchAction\",\"target\":{\"@type\":\"EntryPoint\",\"urlTemplate\":\"https:\/\/www.cafecosechareal.com\/?s={search_term_string}\"},\"query-input\":\"required name=search_term_string\"}],\"inLanguage\":\"en-US\"},{\"@type\":\"Organization\",\"@id\":\"https:\/\/www.cafecosechareal.com\/#organization\",\"name\":\"Cafe Org\u00e1nico Cosecha Real\",\"alternateName\":\"Caf\u00e9 Org\u00e1nico Bogot\u00e1\",\"url\":\"https:\/\/www.cafecosechareal.com\/\",\"logo\":{\"@type\":\"ImageObject\",\"inLanguage\":\"en-US\",\"@id\":\"https:\/\/www.cafecosechareal.com\/#\/schema\/logo\/image\/\",\"url\":\"https:\/\/www.cafecosechareal.com\/wp-content\/uploads\/cosecha-real-cafe-organico-logo.png\",\"contentUrl\":\"https:\/\/www.cafecosechareal.com\/wp-content\/uploads\/cosecha-real-cafe-organico-logo.png\",\"width\":1200,\"height\":675,\"caption\":\"Cafe Org\u00e1nico Cosecha Real\"},\"image\":{\"@id\":\"https:\/\/www.cafecosechareal.com\/#\/schema\/logo\/image\/\"},\"sameAs\":[\"https:\/\/www.facebook.com\/coffeecosechareal\",\"https:\/\/www.instagram.com\/cafecosechareal\/\"]}]}<\/script>\n<!-- \/ Yoast SEO plugin. -->","yoast_head_json":{"title":"Caf\u00e9 Org\u00e1nico BF\u00ae Tosti\u00f3n Media","description":"Deleitate con el sabor de nuestro caf\u00e9 org\u00e1nico y miel org\u00e1nica","robots":{"index":"index","follow":"follow","max-snippet":"max-snippet:-1","max-image-preview":"max-image-preview:large","max-video-preview":"max-video-preview:-1"},"canonical":"https:\/\/www.cafecosechareal.com\/producto\/cafe-organico-tostion-media\/","og_locale":"en_US","og_type":"article","og_title":"Caf\u00e9 Org\u00e1nico BF\u00ae Tosti\u00f3n Media","og_description":"Deleitate con el sabor de nuestro caf\u00e9 org\u00e1nico y miel org\u00e1nica","og_url":"https:\/\/www.cafecosechareal.com\/producto\/cafe-organico-tostion-media\/","og_site_name":"Cafe Org\u00e1nico Cosecha Real","article_publisher":"https:\/\/www.facebook.com\/coffeecosechareal","article_modified_time":"2024-02-29T20:13:54+00:00","og_image":[{"width":1600,"height":1600,"url":"https:\/\/www.cafecosechareal.com\/wp-content\/uploads\/WhatsApp-Image-2024-02-15-at-11.13.32-AM-1.jpeg","type":"image\/jpeg"}],"twitter_card":"summary_large_image","schema":{"@context":"https:\/\/schema.org","@graph":[{"@type":"WebPage","@id":"https:\/\/www.cafecosechareal.com\/producto\/cafe-organico-tostion-media\/","url":"https:\/\/www.cafecosechareal.com\/producto\/cafe-organico-tostion-media\/","name":"Caf\u00e9 Org\u00e1nico BF\u00ae Tosti\u00f3n Media","isPartOf":{"@id":"https:\/\/www.cafecosechareal.com\/#website"},"primaryImageOfPage":{"@id":"https:\/\/www.cafecosechareal.com\/producto\/cafe-organico-tostion-media\/#primaryimage"},"image":{"@id":"https:\/\/www.cafecosechareal.com\/producto\/cafe-organico-tostion-media\/#primaryimage"},"thumbnailUrl":"https:\/\/www.cafecosechareal.com\/wp-content\/uploads\/cafe-producto.jpg","datePublished":"2024-02-29T13:38:09+00:00","dateModified":"2024-02-29T20:13:54+00:00","description":"Deleitate con el sabor de nuestro caf\u00e9 org\u00e1nico y miel org\u00e1nica","breadcrumb":{"@id":"https:\/\/www.cafecosechareal.com\/producto\/cafe-organico-tostion-media\/#breadcrumb"},"inLanguage":"en-US","potentialAction":[{"@type":"ReadAction","target":["https:\/\/www.cafecosechareal.com\/producto\/cafe-organico-tostion-media\/"]}]},{"@type":"ImageObject","inLanguage":"en-US","@id":"https:\/\/www.cafecosechareal.com\/producto\/cafe-organico-tostion-media\/#primaryimage","url":"https:\/\/www.cafecosechareal.com\/wp-content\/uploads\/cafe-producto.jpg","contentUrl":"https:\/\/www.cafecosechareal.com\/wp-content\/uploads\/cafe-producto.jpg","width":1000,"height":1000,"caption":"cafe organico tostion media"},{"@type":"BreadcrumbList","@id":"https:\/\/www.cafecosechareal.com\/producto\/cafe-organico-tostion-media\/#breadcrumb","itemListElement":[{"@type":"ListItem","position":1,"name":"Inicio","item":"https:\/\/www.cafecosechareal.com\/en\/"},{"@type":"ListItem","position":2,"name":"Tienda","item":"https:\/\/www.cafecosechareal.com\/tienda\/"},{"@type":"ListItem","position":3,"name":"Caf\u00e9 Org\u00e1nico BF\u00ae Tosti\u00f3n Media"}]},{"@type":"WebSite","@id":"https:\/\/www.cafecosechareal.com\/#website","url":"https:\/\/www.cafecosechareal.com\/","name":"Cafe Org\u00e1nico Cosecha Real","description":"Creadores de productos org\u00e1nicos como caf\u00e9 y miel cerca a Bogot\u00e1, dejate deleitar y vive una experiencia cafetera completa","publisher":{"@id":"https:\/\/www.cafecosechareal.com\/#organization"},"alternateName":"Cosecha Real","potentialAction":[{"@type":"SearchAction","target":{"@type":"EntryPoint","urlTemplate":"https:\/\/www.cafecosechareal.com\/?s={search_term_string}"},"query-input":"required name=search_term_string"}],"inLanguage":"en-US"},{"@type":"Organization","@id":"https:\/\/www.cafecosechareal.com\/#organization","name":"Cafe Org\u00e1nico Cosecha Real","alternateName":"Caf\u00e9 Org\u00e1nico Bogot\u00e1","url":"https:\/\/www.cafecosechareal.com\/","logo":{"@type":"ImageObject","inLanguage":"en-US","@id":"https:\/\/www.cafecosechareal.com\/#\/schema\/logo\/image\/","url":"https:\/\/www.cafecosechareal.com\/wp-content\/uploads\/cosecha-real-cafe-organico-logo.png","contentUrl":"https:\/\/www.cafecosechareal.com\/wp-content\/uploads\/cosecha-real-cafe-organico-logo.png","width":1200,"height":675,"caption":"Cafe Org\u00e1nico Cosecha Real"},"image":{"@id":"https:\/\/www.cafecosechareal.com\/#\/schema\/logo\/image\/"},"sameAs":["https:\/\/www.facebook.com\/coffeecosechareal","https:\/\/www.instagram.com\/cafecosechareal\/"]}]}},"jetpack_sharing_enabled":true,"_links":{"self":[{"href":"https:\/\/www.cafecosechareal.com\/en\/wp-json\/wp\/v2\/product\/1027"}],"collection":[{"href":"https:\/\/www.cafecosechareal.com\/en\/wp-json\/wp\/v2\/product"}],"about":[{"href":"https:\/\/www.cafecosechareal.com\/en\/wp-json\/wp\/v2\/types\/product"}],"replies":[{"embeddable":true,"href":"https:\/\/www.cafecosechareal.com\/en\/wp-json\/wp\/v2\/comments?post=1027"}],"wp:featuredmedia":[{"embeddable":true,"href":"https:\/\/www.cafecosechareal.com\/en\/wp-json\/wp\/v2\/media\/1072"}],"wp:attachment":[{"href":"https:\/\/www.cafecosechareal.com\/en\/wp-json\/wp\/v2\/media?parent=1027"}],"wp:term":[{"taxonomy":"product_cat","embeddable":true,"href":"https:\/\/www.cafecosechareal.com\/en\/wp-json\/wp\/v2\/product_cat?post=1027"},{"taxonomy":"product_tag","embeddable":true,"href":"https:\/\/www.cafecosechareal.com\/en\/wp-json\/wp\/v2\/product_tag?post=1027"}],"curies":[{"name":"wp","href":"https:\/\/api.w.org\/{rel}","templated":true}]}}